{"id":2,"date":"2023-04-12T18:08:57","date_gmt":"2023-04-12T18:08:57","guid":{"rendered":"https:\/\/empreendimentostaruma.com.br\/lp\/?page_id=2"},"modified":"2023-05-19T11:43:33","modified_gmt":"2023-05-19T11:43:33","slug":"parceria","status":"publish","type":"page","link":"https:\/\/empreendimentostaruma.com.br\/lp\/parceria\/","title":{"rendered":"Parceria"},"content":{"rendered":"\n\n\t\t\t\t<img decoding=\"async\" src=\"https:\/\/empreendimentostaruma.com.br\/lp\/wp-content\/uploads\/2023\/04\/logo_taruma.png\" alt=\"logo_taruma\" itemprop=\"image\" height=\"89\" width=\"405\" title=\"logo_taruma\" onerror=\"this.style.display='none'\"  \/>\n<h1>\n\t\tSeja nosso parceiro\n\t<\/h1>\n\t<p>Parceria \u00e9 um conceito muito relevante, por isso a empresa tem grande interesse em ampliar seus neg\u00f3cios a partir de alian\u00e7as s\u00f3lidas e bem estruturadas. Se voc\u00ea \u00e9 propriet\u00e1rio de alguma \u00e1rea e quer se associar a n\u00f3s, entre em contato. Teremos enorme prazer em receb\u00ea-lo.<\/p>\n<h2>\n\t\tVamos fazer<br \/> uma parceria?\n\t<\/h2>\n\t\t\t\t<img decoding=\"async\" src=\"https:\/\/empreendimentostaruma.com.br\/lp\/wp-content\/uploads\/2023\/04\/logo_taruma.png\" alt=\"logo_taruma\" itemprop=\"image\" height=\"89\" width=\"405\" title=\"logo_taruma\" onerror=\"this.style.display='none'\"  \/>\n\n","protected":false},"excerpt":{"rendered":"<p>Seja nosso parceiro Parceria \u00e9 um conceito muito relevante, por isso a empresa tem grande interesse em ampliar seus neg\u00f3cios a partir de alian\u00e7as s\u00f3lidas e bem estruturadas. Se voc\u00ea \u00e9 propriet\u00e1rio de alguma \u00e1rea e quer se associar a n\u00f3s, entre em contato. Teremos enorme prazer em receb\u00ea-lo. Vamos fazer uma parceria?<\/p>\n","protected":false},"author":1,"featured_media":0,"parent":0,"menu_order":0,"comment_status":"closed","ping_status":"closed","template":"tpl-no-header-footer.php","meta":{"footnotes":""},"class_list":["post-2","page","type-page","status-publish","hentry"],"_links":{"self":[{"href":"https:\/\/empreendimentostaruma.com.br\/lp\/wp-json\/wp\/v2\/pages\/2","targetHints":{"allow":["GET"]}}],"collection":[{"href":"https:\/\/empreendimentostaruma.com.br\/lp\/wp-json\/wp\/v2\/pages"}],"about":[{"href":"https:\/\/empreendimentostaruma.com.br\/lp\/wp-json\/wp\/v2\/types\/page"}],"author":[{"embeddable":true,"href":"https:\/\/empreendimentostaruma.com.br\/lp\/wp-json\/wp\/v2\/users\/1"}],"replies":[{"embeddable":true,"href":"https:\/\/empreendimentostaruma.com.br\/lp\/wp-json\/wp\/v2\/comments?post=2"}],"version-history":[{"count":56,"href":"https:\/\/empreendimentostaruma.com.br\/lp\/wp-json\/wp\/v2\/pages\/2\/revisions"}],"predecessor-version":[{"id":134,"href":"https:\/\/empreendimentostaruma.com.br\/lp\/wp-json\/wp\/v2\/pages\/2\/revisions\/134"}],"wp:attachment":[{"href":"https:\/\/empreendimentostaruma.com.br\/lp\/wp-json\/wp\/v2\/media?parent=2"}],"curies":[{"name":"wp","href":"https:\/\/api.w.org\/{rel}","templated":true}]}}